{"id":361,"date":"2019-05-18T11:07:55","date_gmt":"2019-05-18T09:07:55","guid":{"rendered":"http:\/\/festivalderobion.com\/?page_id=361"},"modified":"2025-06-23T12:19:42","modified_gmt":"2025-06-23T10:19:42","slug":"informations-pratiques","status":"publish","type":"page","link":"https:\/\/festivalderobion.com\/?page_id=361","title":{"rendered":"Informations Pratiques"},"content":{"rendered":"\n<p><strong><em>Edito<\/em><\/strong><\/p>\n\n\n\n<p><strong>27\u00e8 EDITION<\/strong><\/p>\n\n\n\n<p><strong>Un rendez-vous musical incontournable pour un th\u00e9\u00e2tre de verdure Magique\u202f!<\/strong>\u00a0<\/p>\n\n\n\n<p>Avec <strong>des perles rares<\/strong>, <strong>r\u00e9v\u00e9lations et coup de c\u0153ur<\/strong> pour partager les envies de f\u00eate et de m\u00e9tissages. Une programmation qui vous fera voyager de Paris \u00e0 Tokyo, Berlin, Ath\u00e8nes, Bogota, Monterey, Rio\u2026 De la soul \u00e0 la pop, \u00e0 la cumbia, au folk, au jazz \u2026 Et une fois encore, des femmes artistes d\u2019exception seront mises \u00e0 l\u2019honneur.\u00a0Dont\u00a0 <strong>NORA KAMM<\/strong>, <strong>saxophoniste<\/strong>, fl\u00fbtiste, compositrice, chanteuse et cheffe d&rsquo;orchestre, ou encore <strong>MARIE\u00a0 SARAH<\/strong>,\u00a0 <strong>R\u00e9v\u00e9lation<\/strong> Pop Soul, p\u00e9tillante \u00e0 la voix de chaude et suave\u00a0 feu\u202f!\u00a0\u00a0\u00a0<\/p>\n\n\n\n<p><strong>Un festival fid\u00e8le \u00e0 ses valeurs\u202ffavorisant la d\u00e9couverte de nouveaux talents\u202f<\/strong>\u00a0<\/p>\n\n\n\n<p><strong>Un festival&nbsp; fid\u00e8le \u00e0 ses valeurs&nbsp;:<\/strong><strong><\/strong><\/p>\n\n\n\n<p>Alors que de plus en plus de femmes sont pr\u00e9sentes dans les organismes de formation d\u2019artistes, leur place sur la sc\u00e8ne musicale et leur pr\u00e9sence dans les programmations reste encore minoritaire. En 2023, le Centre national de la musique (CNM) a publi\u00e9 un \u00e9tat des lieux de la pr\u00e9sence des femmes dans la fili\u00e8re musicale&nbsp;: seulement 14% d\u2019entr\u2019elles sont programm\u00e9es dans le cadre des salles de Musiques Actuelles (Publication de l\u2019Observatoire de l\u2019\u00e9galit\u00e9 Femmes Hommes \u2013 Mars 2022) et avec seulement&nbsp;<strong>17% de lead f\u00e9minin<\/strong>, en festival ou le constat n\u2019est pas beaucoup plus favorable.<\/p>\n\n\n\n<p>Outre l\u2019aspect \u00ab&nbsp;D\u00e9couverte&nbsp;d\u2019artistes \u00bb qui est dans l\u2019ADN du Festival de Robion, celui-ci ne baisse pas la garde pour faire bouger les lignes en proposant toujours autant d\u2019artistes f\u00e9minines dans sa programmation&nbsp;: plus de 60% occuperont la sc\u00e8ne du th\u00e9\u00e2tre de verdure en 2024&nbsp;!<\/p>\n\n\n\n<p><strong>Un lieu magique <\/strong><strong><\/strong><\/p>\n\n\n\n<p>Au sein du vieux village de Robion, un \u00e9crin de nature majestueux se transforme en sc\u00e8ne d\u2019exception &nbsp;<\/p>\n\n\n\n<p>Le THEATRE DE VERDURE<\/p>\n\n\n\n<p>Le th\u00e9\u00e2tre de verdure&nbsp;:&nbsp;Sc\u00e8ne magique \u00e0 ciel ouvert situ\u00e9e au pied de la falaise du Petit Luberon, en haut du village \u00e0 6km de Cavaillon en direction d&rsquo;Apt &#8211; 30km d&rsquo;Avignon &#8211; 500 places assises non num\u00e9rot\u00e9es &#8211; Ouverture d\u00e8s 19h30 &#8211; Parking gratuit \u00e0 proximit\u00e9. Acc\u00e8s aux personnes \u00e0 mobilit\u00e9 r\u00e9duite.<\/p>\n\n\n\n<figure class=\"wp-block-image size-large\"><img loading=\"lazy\" decoding=\"async\" width=\"1024\" height=\"684\" src=\"https:\/\/festivalderobion.com\/wp-content\/uploads\/2023\/04\/Public-\u00a9-Patrick-Denis-PUBLIC-1024x684.jpg\" alt=\"\" class=\"wp-image-2835\" srcset=\"https:\/\/festivalderobion.com\/wp-content\/uploads\/2023\/04\/Public-\u00a9-Patrick-Denis-PUBLIC-1024x684.jpg 1024w, https:\/\/festivalderobion.com\/wp-content\/uploads\/2023\/04\/Public-\u00a9-Patrick-Denis-PUBLIC-300x200.jpg 300w, https:\/\/festivalderobion.com\/wp-content\/uploads\/2023\/04\/Public-\u00a9-Patrick-Denis-PUBLIC-768x513.jpg 768w, https:\/\/festivalderobion.com\/wp-content\/uploads\/2023\/04\/Public-\u00a9-Patrick-Denis-PUBLIC-1536x1025.jpg 1536w, https:\/\/festivalderobion.com\/wp-content\/uploads\/2023\/04\/Public-\u00a9-Patrick-Denis-PUBLIC.jpg 2048w\" sizes=\"auto, (max-width: 1024px) 100vw, 1024px\" \/><\/figure>\n\n\n\n<p>&nbsp;PLAN :<strong><u><a href=\"https:\/\/www.google.fr\/maps\/place\/Festival+du+Robion,+142+Avenue+du+Luberon,+84440+Robion\/@43.8439745,5.1148432,17z\/data=!3m1!1e3!4m2!3m1!1s0x12ca08921da52e73:0x882e86752b0ec61c\">The\u00e2tre de verdure&nbsp; &#8211; 142 Avenue du Luberon 84440 ROBION<\/a><\/u><\/strong><\/p>\n\n\n\n<p>D\u00e8s 20h,&nbsp;<strong>CHAQUE SOIR, COMMENCEZ VOTRE SOIREE AVEC NOS AVANT CONCERTS&nbsp;:&nbsp;LES \u00ab&nbsp;APEROBION &amp; SWING&nbsp;\u00bb<\/strong><\/p>\n\n\n\n<p><strong>Avec un SERVICE DE RESTAURATION<\/strong> proposant nos traditionnels cornets de <strong>p\u00e2tes sauces \u00ab&nbsp;maison&nbsp;\u00bb<\/strong>\u2026, melons, glaces \u2026 et <strong>paella le vendredi 19 juillet<\/strong><\/p>\n\n\n\n<p><strong>et BUVETTE<\/strong> avec un&nbsp;\u00e9ventail&nbsp;de boissons dont jus de fruits, vin de pays, bi\u00e8res bios \u2026&nbsp;<\/p>\n\n\n\n<p>Adresse postale 12 Place Jules Ferry \u2013 84440 &#8211; Robion <a href=\"mailto:festirobillet@gmail.com\">festirobillet@gmail.com<\/a>\u00a0\u00a0<\/p>\n","protected":false},"excerpt":{"rendered":"<p>Edito 27\u00e8 EDITION Un rendez-vous musical incontournable pour un th\u00e9\u00e2tre de verdure Magique\u202f!\u00a0 Avec des perles rares, r\u00e9v\u00e9lations et coup de c\u0153ur pour partager les envies de f\u00eate et de &hellip; <\/p>\n","protected":false},"author":1,"featured_media":0,"parent":0,"menu_order":0,"comment_status":"closed","ping_status":"closed","template":"","meta":{"footnotes":""},"class_list":["post-361","page","type-page","status-publish","hentry"],"_links":{"self":[{"href":"https:\/\/festivalderobion.com\/index.php?rest_route=\/wp\/v2\/pages\/361","targetHints":{"allow":["GET"]}}],"collection":[{"href":"https:\/\/festivalderobion.com\/index.php?rest_route=\/wp\/v2\/pages"}],"about":[{"href":"https:\/\/festivalderobion.com\/index.php?rest_route=\/wp\/v2\/types\/page"}],"author":[{"embeddable":true,"href":"https:\/\/festivalderobion.com\/index.php?rest_route=\/wp\/v2\/users\/1"}],"replies":[{"embeddable":true,"href":"https:\/\/festivalderobion.com\/index.php?rest_route=%2Fwp%2Fv2%2Fcomments&post=361"}],"version-history":[{"count":4,"href":"https:\/\/festivalderobion.com\/index.php?rest_route=\/wp\/v2\/pages\/361\/revisions"}],"predecessor-version":[{"id":3104,"href":"https:\/\/festivalderobion.com\/index.php?rest_route=\/wp\/v2\/pages\/361\/revisions\/3104"}],"wp:attachment":[{"href":"https:\/\/festivalderobion.com\/index.php?rest_route=%2Fwp%2Fv2%2Fmedia&parent=361"}],"curies":[{"name":"wp","href":"https:\/\/api.w.org\/{rel}","templated":true}]}}