{"id":142,"date":"2019-02-03T12:11:30","date_gmt":"2019-02-03T11:11:30","guid":{"rendered":"http:\/\/festivalderobion.com\/?page_id=142"},"modified":"2024-05-04T21:00:34","modified_gmt":"2024-05-04T19:00:34","slug":"mentions-legales-contacts","status":"publish","type":"page","link":"https:\/\/festivalderobion.com\/?page_id=142","title":{"rendered":"Mentions l\u00e9gales &#038; Contacts"},"content":{"rendered":"\n<h2 class=\"wp-block-heading\" id=\"google_translate_element\"><strong>Informations relatives \u00e0 l\u2019\u00e9diteur<\/strong><\/h2>\n\n\n\n<p><strong>Editeur<\/strong><br>Festival de Robion<br>84440 Robion<\/p>\n\n\n\n<p><strong>Commentaires, remarques et suggestions<\/strong><br><a href=\"mailto:festivalderobion@gmail.com\">festivalderobion@gmail.com<\/a><\/p>\n\n\n\n<p><strong>R\u00e9alisation<\/strong><br>Ce site a \u00e9t\u00e9 con\u00e7u et r\u00e9alis\u00e9 par Olivier PRIEUX&nbsp;pour Festival de Robion.<\/p>\n\n\n\n<p><strong>Licence d\u2019entrepreneur de&nbsp;spectacle : n\u00b0 3-1110920<\/strong><\/p>\n\n\n\n<p><strong>Mentions l\u00e9gales<\/strong><\/p>\n\n\n\n<p>En application de la loi du 11 mars 1957 (art. 41) et du code de la propri\u00e9t\u00e9 intellectuelle du 1er juillet 1992, toute reproduction partielle ou totale \u00e0 usage collectif est strictement interdite sans autorisation du Festival de Robion.<br>Les logos, visuels et marques pr\u00e9sents sur ce site sont la propri\u00e9t\u00e9 de leur d\u00e9tenteur respectif.<br>Ce site peut, \u00e0 son insu, avoir \u00e9t\u00e9 reli\u00e9 \u00e0 d\u2019autres sites par le biais de liens hypermedia. Festival de Robion&nbsp;d\u00e9cline toute responsabilit\u00e9 pour les informations pr\u00e9sent\u00e9es sur ces autres sites. L\u2019internaute reconna\u00eet que l\u2019utilisation du site du Festival de Robion&nbsp;est r\u00e9gie par le droit fran\u00e7ais.<\/p>\n","protected":false},"excerpt":{"rendered":"<p>Informations relatives \u00e0 l\u2019\u00e9diteur EditeurFestival de Robion84440 Robion Commentaires, remarques et suggestionsfestivalderobion@gmail.com R\u00e9alisationCe site a \u00e9t\u00e9 con\u00e7u et r\u00e9alis\u00e9 par Olivier PRIEUX&nbsp;pour Festival de Robion. Licence d\u2019entrepreneur de&nbsp;spectacle : n\u00b0 &hellip; <\/p>\n","protected":false},"author":1,"featured_media":0,"parent":0,"menu_order":0,"comment_status":"closed","ping_status":"closed","template":"","meta":{"footnotes":""},"class_list":["post-142","page","type-page","status-publish","hentry"],"_links":{"self":[{"href":"https:\/\/festivalderobion.com\/index.php?rest_route=\/wp\/v2\/pages\/142","targetHints":{"allow":["GET"]}}],"collection":[{"href":"https:\/\/festivalderobion.com\/index.php?rest_route=\/wp\/v2\/pages"}],"about":[{"href":"https:\/\/festivalderobion.com\/index.php?rest_route=\/wp\/v2\/types\/page"}],"author":[{"embeddable":true,"href":"https:\/\/festivalderobion.com\/index.php?rest_route=\/wp\/v2\/users\/1"}],"replies":[{"embeddable":true,"href":"https:\/\/festivalderobion.com\/index.php?rest_route=%2Fwp%2Fv2%2Fcomments&post=142"}],"version-history":[{"count":1,"href":"https:\/\/festivalderobion.com\/index.php?rest_route=\/wp\/v2\/pages\/142\/revisions"}],"predecessor-version":[{"id":2970,"href":"https:\/\/festivalderobion.com\/index.php?rest_route=\/wp\/v2\/pages\/142\/revisions\/2970"}],"wp:attachment":[{"href":"https:\/\/festivalderobion.com\/index.php?rest_route=%2Fwp%2Fv2%2Fmedia&parent=142"}],"curies":[{"name":"wp","href":"https:\/\/api.w.org\/{rel}","templated":true}]}}