{"id":124,"date":"2019-02-03T11:41:26","date_gmt":"2019-02-03T10:41:26","guid":{"rendered":"http:\/\/festivalderobion.com\/?page_id=124"},"modified":"2024-05-04T21:00:15","modified_gmt":"2024-05-04T19:00:15","slug":"le-festival-aujourdhui","status":"publish","type":"page","link":"https:\/\/festivalderobion.com\/?page_id=124","title":{"rendered":"Le Festival aujourd\u2019hui&#8230;"},"content":{"rendered":"\n<p><strong>Il est bas\u00e9 avant tout sur une dynamique plus que jamais volontaire et motiv\u00e9e \u2026<\/strong><\/p>\n\n\n\n<p>L\u2019accueil autant des artistes que des festivaliers, est bas\u00e9 sur la convivialit\u00e9. Le cadre naturel du lieu, s\u2019y pr\u00eate \u00e0 merveille. Au del\u00e0 du simple fait de venir assister \u00e0 un concert, tout est fait pour favoriser la rencontre : les efforts de l\u2019\u00e9quipe vont vers une offre de restauration \u201cmaison\u201d, une mise en valeur de l\u2019environnement du lieu, une d\u00e9coration festive, la gestion du recyclage de d\u00e9chets \u2026<\/p>\n\n\n\n<p>Depuis plusieurs ann\u00e9es l\u2019accent est mis sur une s\u00e9lection de groupes en phase avec l\u2019actualit\u00e9 artistique des musiques world et la diversit\u00e9 des influences musicales.&nbsp;<\/p>\n\n\n\n<p>En partenaire \u00e9co responsable, l\u2019accent est mis notamment sur l\u2019int\u00e9gration de personnes handicap\u00e9es au sein de l\u2019association ainsi que l\u2019accueil des personnes en situation de handicap de L\u2019ESAT La Roumani\u00e8re (situ\u00e9 au c\u0153ur du village de Robion) pour assister gratuitement aux concerts. Pour les plus d\u00e9munis, la mise \u00e0 disposition de places gratuites est \u00e9galement propos\u00e9e.<\/p>\n\n\n\n<p>Un spectacle de rue sur la place du village est propos\u00e9 chaque ann\u00e9e.<\/p>\n\n\n\n<div class=\"wp-block-image\"><figure class=\"aligncenter\"><a href=\"https:\/\/web.archive.org\/web\/20180818031357\/https:\/\/festivalderobion.com\/wp-content\/uploads\/2018\/03\/Photo-%C3%A9quipe-2017.jpg\"><img loading=\"lazy\" decoding=\"async\" width=\"1024\" height=\"441\" src=\"https:\/\/festivalderobion.com\/wp-content\/uploads\/2019\/01\/benevoles2019-1024x441.jpg\" alt=\"\" class=\"wp-image-36\" srcset=\"https:\/\/festivalderobion.com\/wp-content\/uploads\/2019\/01\/benevoles2019-1024x441.jpg 1024w, https:\/\/festivalderobion.com\/wp-content\/uploads\/2019\/01\/benevoles2019-600x259.jpg 600w, https:\/\/festivalderobion.com\/wp-content\/uploads\/2019\/01\/benevoles2019-300x129.jpg 300w, https:\/\/festivalderobion.com\/wp-content\/uploads\/2019\/01\/benevoles2019-768x331.jpg 768w, https:\/\/festivalderobion.com\/wp-content\/uploads\/2019\/01\/benevoles2019.jpg 1640w\" sizes=\"auto, (max-width: 1024px) 100vw, 1024px\" \/><\/a><\/figure><\/div>\n\n\n\n<p><strong>Ch<\/strong><strong>i<\/strong><strong>ff<\/strong><strong>re<\/strong><strong>s&nbsp;<\/strong><strong>C<\/strong><strong>l<\/strong><strong>\u00e9s \u2026<\/strong><\/p>\n\n\n\n<p>\u2013 8 soir\u00e9es sous les \u00e9toiles du Petit Luberon<\/p>\n\n\n\n<p>\u2013 8 soir\u00e9es autour des m\u00e9lodies et rythmes World Pop<\/p>\n\n\n\n<p>\u2013 3 partenaires publics fid\u00e8les : Municipalit\u00e9 de Robion, Conseil D\u00e9partemental de Vaucluse, Conseil R\u00e9gional PACA<\/p>\n\n\n\n<p>\u2013 1 dizaine de partenaires priv\u00e9s<\/p>\n\n\n\n<p>\u2013 2 partenaires de l\u2019Economie Sociale et Solidaire : \u201cLa Roumani\u00e8re\u201d &amp; \u00ab&nbsp;Culture du C\u0153ur&nbsp;\u00bb<\/p>\n\n\n\n<p>\u2013 Pr\u00e8s de 40 b\u00e9n\u00e9voles<\/p>\n\n\n\n<p>\u2013 Des moments de convivialit\u00e9 en avant concert autour des \u201cAp\u00e9Robion\u201d avec un Service de Restauration assur\u00e9 par l\u2019\u00e9quipe des b\u00e9n\u00e9voles<\/p>\n\n\n\n<div class=\"wp-block-image\"><figure class=\"aligncenter\"><img loading=\"lazy\" decoding=\"async\" width=\"403\" height=\"213\" src=\"https:\/\/festivalderobion.com\/wp-content\/uploads\/2019\/02\/13.jpg\" alt=\"\" class=\"wp-image-120\" srcset=\"https:\/\/festivalderobion.com\/wp-content\/uploads\/2019\/02\/13.jpg 403w, https:\/\/festivalderobion.com\/wp-content\/uploads\/2019\/02\/13-300x159.jpg 300w\" sizes=\"auto, (max-width: 403px) 100vw, 403px\" \/><\/figure><\/div>\n\n\n\n<p><strong>C\u2019est aussi \u2026<\/strong><\/p>\n\n\n\n<p>De grands noms de la sc\u00e8ne musicale \u201cpop world music\u201d se sont d\u00e9j\u00e0 produits au th\u00e9\u00e2tre de verdure : Idir, Ang\u00e9lique Ionatos, Bonga, Susheela Raman, Boubakar Traore, Ester Rada, Raghunat Manet, Oum, Tchavolo Schmitt, Flavia Coelho, Titi Robin, Dobet Gnahore, Inna Modja \u2026<\/p>\n\n\n\n<p>Une place est aussi r\u00e9serv\u00e9e \u00e0 la d\u00e9couverte d\u2019artistes pas forc\u00e9ment m\u00e9diatis\u00e9s en France mais parfois infiniment connus dans leur pays \u00e0 l\u2019exemple de Sarah Blasko qui a obtenu le prix de meilleure artiste aux Victoires de la Musique dans son pays, l\u2019Australie \u2026&nbsp;<\/p>\n","protected":false},"excerpt":{"rendered":"<p>Il est bas\u00e9 avant tout sur une dynamique plus que jamais volontaire et motiv\u00e9e \u2026 L\u2019accueil autant des artistes que des festivaliers, est bas\u00e9 sur la convivialit\u00e9. Le cadre naturel &hellip; <\/p>\n","protected":false},"author":1,"featured_media":0,"parent":0,"menu_order":0,"comment_status":"closed","ping_status":"closed","template":"","meta":{"footnotes":""},"class_list":["post-124","page","type-page","status-publish","hentry"],"_links":{"self":[{"href":"https:\/\/festivalderobion.com\/index.php?rest_route=\/wp\/v2\/pages\/124","targetHints":{"allow":["GET"]}}],"collection":[{"href":"https:\/\/festivalderobion.com\/index.php?rest_route=\/wp\/v2\/pages"}],"about":[{"href":"https:\/\/festivalderobion.com\/index.php?rest_route=\/wp\/v2\/types\/page"}],"author":[{"embeddable":true,"href":"https:\/\/festivalderobion.com\/index.php?rest_route=\/wp\/v2\/users\/1"}],"replies":[{"embeddable":true,"href":"https:\/\/festivalderobion.com\/index.php?rest_route=%2Fwp%2Fv2%2Fcomments&post=124"}],"version-history":[{"count":1,"href":"https:\/\/festivalderobion.com\/index.php?rest_route=\/wp\/v2\/pages\/124\/revisions"}],"predecessor-version":[{"id":2969,"href":"https:\/\/festivalderobion.com\/index.php?rest_route=\/wp\/v2\/pages\/124\/revisions\/2969"}],"wp:attachment":[{"href":"https:\/\/festivalderobion.com\/index.php?rest_route=%2Fwp%2Fv2%2Fmedia&parent=124"}],"curies":[{"name":"wp","href":"https:\/\/api.w.org\/{rel}","templated":true}]}}